{"id":1349,"date":"2019-10-21T15:31:25","date_gmt":"2019-10-21T20:31:25","guid":{"rendered":"http:\/\/datacelco.com\/?post_type=product&#038;p=1349"},"modified":"2019-10-26T12:25:15","modified_gmt":"2019-10-26T17:25:15","slug":"cargador-fly-travel-charger","status":"publish","type":"product","link":"http:\/\/datacelco.com\/index.php\/product\/cargador-fly-travel-charger\/","title":{"rendered":"CARGADOR FLY TRAVEL CHARGER"},"content":{"rendered":"","protected":false},"excerpt":{"rendered":"<h1 style=\"text-align: center;\">\u00a1CARGA TU CELULAR!<\/h1>\n<p>&nbsp;<\/p>\n<ul>\n<li style=\"list-style-type: none;\">\n<ul>\n<li style=\"list-style-type: none;\">\n<ul>\n<li><strong>Tipo:<\/strong> V8 (Compatible con cualquier dispositivo con esta entrada).<\/li>\n<li><b>Amperaje: <\/b>1.0 A.<\/li>\n<li><strong>Dise\u00f1o simple &#8211; Excelente calidad:<\/strong> Apariencia simple. Componentes estrictamente elegidos. En el exterior pl\u00e1sticos para obtener m\u00e1s seguridad.<\/li>\n<li><strong>Multi-Protecci\u00f3n: <\/strong>Protecci\u00f3n de circuito m\u00faltiple, fusible protector incorporado tanto de los productos como para su equipo.<\/li>\n<li><strong>F\u00e1cil de llevar &#8211; Compartir con la familia:\u00a0<\/strong>Mediante la adopci\u00f3n de las tecnolog\u00edas de rectificaci\u00f3n s\u00edncrona este garantiza su funci\u00f3n y es f\u00e1cil de llevar al mismo tiempo.<\/li>\n<\/ul>\n<\/li>\n<\/ul>\n<\/li>\n<\/ul>\n<p><em>Este precio es para pagos en efectivo, pagos con tarjeta (visa\/mastercard) genera un costo adicional del 5%.<\/em><\/p>\n","protected":false},"featured_media":1338,"comment_status":"open","ping_status":"closed","template":"","meta":[],"_links":{"self":[{"href":"http:\/\/datacelco.com\/index.php\/wp-json\/wp\/v2\/product\/1349"}],"collection":[{"href":"http:\/\/datacelco.com\/index.php\/wp-json\/wp\/v2\/product"}],"about":[{"href":"http:\/\/datacelco.com\/index.php\/wp-json\/wp\/v2\/types\/product"}],"replies":[{"embeddable":true,"href":"http:\/\/datacelco.com\/index.php\/wp-json\/wp\/v2\/comments?post=1349"}],"wp:featuredmedia":[{"embeddable":true,"href":"http:\/\/datacelco.com\/index.php\/wp-json\/wp\/v2\/media\/1338"}],"wp:attachment":[{"href":"http:\/\/datacelco.com\/index.php\/wp-json\/wp\/v2\/media?parent=1349"}],"curies":[{"name":"wp","href":"https:\/\/api.w.org\/{rel}","templated":true}]}}