{"id":1551,"date":"2019-10-25T10:25:07","date_gmt":"2019-10-25T15:25:07","guid":{"rendered":"http:\/\/datacelco.com\/?post_type=product&#038;p=1551"},"modified":"2019-10-26T12:16:33","modified_gmt":"2019-10-26T17:16:33","slug":"conector-carro-harvic-3-4a","status":"publish","type":"product","link":"http:\/\/datacelco.com\/index.php\/product\/conector-carro-harvic-3-4a\/","title":{"rendered":"CONECTOR CARRO HARVIC 3.4A"},"content":{"rendered":"","protected":false},"excerpt":{"rendered":"<h1 style=\"text-align: center;\">\u00a1CARGA TU CELULAR DESDE TU CARRO!<\/h1>\n<p>&nbsp;<\/p>\n<ul>\n<li style=\"list-style-type: none;\">\n<ul>\n<li style=\"list-style-type: none;\">\n<ul>\n<li>Compatible con cualquier dispositivo.<\/li>\n<li><b>Amperaje: <\/b>3,4 A.<\/li>\n<li>Cuenta con dos puertos para cargar dos dispositivos al tiempo.<\/li>\n<li><strong>Dise\u00f1o simple &#8211; Excelente calidad:<\/strong> Apariencia simple. Componentes estrictamente elegidos. En el exterior pl\u00e1sticos para obtener m\u00e1s seguridad.<\/li>\n<li><strong>Multi-Protecci\u00f3n: <\/strong>Protecci\u00f3n de circuito m\u00faltiple, fusible protector incorporado tanto de los productos como para su equipo.<\/li>\n<li><strong>F\u00e1cil de llevar &#8211; Compartir con la familia:\u00a0<\/strong>Mediante la adopci\u00f3n de las tecnolog\u00edas de rectificaci\u00f3n s\u00edncrona este garantiza su funci\u00f3n y es f\u00e1cil de llevar al mismo tiempo.<\/li>\n<\/ul>\n<\/li>\n<\/ul>\n<\/li>\n<\/ul>\n<p><em>Este precio es para pagos en efectivo, pagos con tarjeta (visa\/mastercard) genera un costo adicional del 5%.<\/em><\/p>\n","protected":false},"featured_media":1552,"comment_status":"open","ping_status":"closed","template":"","meta":[],"_links":{"self":[{"href":"http:\/\/datacelco.com\/index.php\/wp-json\/wp\/v2\/product\/1551"}],"collection":[{"href":"http:\/\/datacelco.com\/index.php\/wp-json\/wp\/v2\/product"}],"about":[{"href":"http:\/\/datacelco.com\/index.php\/wp-json\/wp\/v2\/types\/product"}],"replies":[{"embeddable":true,"href":"http:\/\/datacelco.com\/index.php\/wp-json\/wp\/v2\/comments?post=1551"}],"wp:featuredmedia":[{"embeddable":true,"href":"http:\/\/datacelco.com\/index.php\/wp-json\/wp\/v2\/media\/1552"}],"wp:attachment":[{"href":"http:\/\/datacelco.com\/index.php\/wp-json\/wp\/v2\/media?parent=1551"}],"curies":[{"name":"wp","href":"https:\/\/api.w.org\/{rel}","templated":true}]}}